{"id":1422,"date":"2024-08-21T07:24:21","date_gmt":"2024-08-21T07:24:21","guid":{"rendered":"https:\/\/wanas.hajagency.com\/membership\/"},"modified":"2026-01-26T13:57:19","modified_gmt":"2026-01-26T13:57:19","slug":"membership","status":"publish","type":"page","link":"https:\/\/wanaskonst.se\/en\/membership\/","title":{"rendered":"Membership"},"content":{"rendered":"<div id=\"\" data-block-id=\"e030f5cb-1bbd-4be0-a36a-f8929bc904dc\" data-section-title=\"\" class=\"haj-section haj-relative block-editor-block-list__block wp-block block-editor-block-list__block wp-block has-child-selected wp-block-haj-main-section haj-height-auto offset-menu haj-width-1474 offset-menu haj-flex-wrap haj-flex-top haj-height-expand haj-height-expand@m haj-height-expand@s    \">\n   \n   \n\n<div class=\"wp-block-columns is-layout-flex wp-container-core-columns-is-layout-1840e2cc wp-block-columns-is-layout-flex\" style=\"margin-top:0;margin-bottom:var(--wp--preset--spacing--50)\">\n<div class=\"wp-block-column is-layout-flow wp-block-column-is-layout-flow\">\n<hr class=\"wp-block-separator has-text-color has-black-color has-alpha-channel-opacity has-black-background-color has-background\"\/>\n\n\n\n<h2 class=\"wp-block-heading has-text-align-center has-xl-font-size\" style=\"margin-top:0;margin-bottom:0;font-style:normal;font-weight:700;line-height:1.2;text-transform:uppercase\">WAN\u00c5S ART CLUB<\/h2>\n\n\n\n<hr class=\"wp-block-separator has-text-color has-black-color has-alpha-channel-opacity has-black-background-color has-background\" style=\"margin-bottom:var(--wp--preset--spacing--20)\"\/>\n\n\n<div data-block-id=\"ff740123-0517-4ee3-a2ad-00cb95fc83a8\" class=\"haj-content-grid block-editor-block-list__block wp-block has-child-selected wp-block-haj-content-grid columns-l-2 column-gap-40\">\n   \n\n<div class=\"wp-block-group has-global-padding is-layout-constrained wp-block-group-is-layout-constrained\">\n<p class=\"has-l-font-size\" style=\"margin-right:0;margin-left:0;font-style:normal;font-weight:700\">You are important to Wan\u00e5s Konst. As a member of Wan\u00e5s Art Club, you support art and education and contribute to Wan\u00e5s Konst&#8217;s development. You get free admission all year round and can experience art in all seasons, get discounts in Wan\u00e5s Konst Shop &amp; Deli. You become part of Wan\u00e5s Konst&#8217;s community and receive invitations to special events. In addition, membership in Wan\u00e5s Art Club gives you free admission to, among others, the museums Louisiana (DK), Skissernas Museum (SE) and Vandalorum (SE), as well as sculpture parks such as Kistefos (NO). Become a member here or when you visit Wan\u00e5s Konst.<br><\/p>\n<\/div>\n\n\n\n<div class=\"wp-block-group full-width-tablet is-vertical is-layout-flex wp-container-core-group-is-layout-fe9cc265 wp-block-group-is-layout-flex\">\n<p class=\"has-l-font-size\" style=\"font-style:normal;font-weight:700;text-transform:uppercase\">CHOOSE YOUR MEMBERSHIP<\/p>\n\n\n\n<p class=\"has-s-font-size\">If the membership is a gift, please contact klubb@wanaskonst.se before you purchase.<\/p>\n\n\n<div data-block-id=\"4025af19-3af0-43f1-99c4-43df1548d5ba\" class=\"  block-editor-block-list__block wp-block wp-block-haj-membership-add-to-cart font-size-text-20px font-size-price-20px font-size-add-to-cart-20px\">\n   <div class=\"product-info\"><span class=\"product-qty\"><\/span> membership added to the cart <\/div>\n   <div class=\"product-options-wrapper\">\n      <fieldset>\n         \n                        <div class=\"product-variation-data variation-selected\"  data-attribute_pa_medlemskaps-typ=\"adult\" >\n                           <input checked type=\"radio\" id=\"1498\" name=\"drone\" value=\"variation\" style=\"\" \/>\n                                                      <label for=\"1498\">\n                              <div class=\"name-price-wrapper\">\n                                 <p class=\"product-type-name\">Adult<\/p>\n                                 <hr>\n                                 <p class=\"product-type-price\">500 SEK<\/p>\n                              <\/div>\n                                                         <\/label>\n                           <input type=\"hidden\" class=\"product-id\" value=\"1496\">\n                           <input type=\"hidden\" class=\"variation-id\" value=\"1498\">\n                           <input type=\"hidden\" class=\"variation-attributes\" value=\"{&quot;attribute_pa_medlemskaps-typ&quot;:&quot;adult&quot;}\">\n                           <input type=\"hidden\" class=\"variation-price\" value=\"&lt;span class=&quot;woocommerce-Price-amount amount&quot;&gt;&lt;bdi&gt;500,00&amp;nbsp;&lt;span class=&quot;woocommerce-Price-currencySymbol&quot;&gt;&amp;#107;&amp;#114;&lt;\/span&gt;&lt;\/bdi&gt;&lt;\/span&gt;\">\n                                                   <\/div>\n                  \n                        <div class=\"product-variation-data \"  data-attribute_pa_medlemskaps-typ=\"adult-1\" >\n                           <input  type=\"radio\" id=\"1499\" name=\"drone\" value=\"variation\" style=\"\" \/>\n                                                      <label for=\"1499\">\n                              <div class=\"name-price-wrapper\">\n                                 <p class=\"product-type-name\">Adult + 1<\/p>\n                                 <hr>\n                                 <p class=\"product-type-price\">700 SEK<\/p>\n                              <\/div>\n                                                         <\/label>\n                           <input type=\"hidden\" class=\"product-id\" value=\"1496\">\n                           <input type=\"hidden\" class=\"variation-id\" value=\"1499\">\n                           <input type=\"hidden\" class=\"variation-attributes\" value=\"{&quot;attribute_pa_medlemskaps-typ&quot;:&quot;adult-1&quot;}\">\n                           <input type=\"hidden\" class=\"variation-price\" value=\"&lt;span class=&quot;woocommerce-Price-amount amount&quot;&gt;&lt;bdi&gt;700,00&amp;nbsp;&lt;span class=&quot;woocommerce-Price-currencySymbol&quot;&gt;&amp;#107;&amp;#114;&lt;\/span&gt;&lt;\/bdi&gt;&lt;\/span&gt;\">\n                                                   <\/div>\n                  \n                        <div class=\"product-variation-data \"  data-attribute_pa_medlemskaps-typ=\"adult-resident-of-sodra-goinge-en\" >\n                           <input  type=\"radio\" id=\"1500\" name=\"drone\" value=\"variation\" style=\"\" \/>\n                                                      <label for=\"1500\">\n                              <div class=\"name-price-wrapper\">\n                                 <p class=\"product-type-name\">Adult (Resident of \u00d6stra G\u00f6inge)<\/p>\n                                 <hr>\n                                 <p class=\"product-type-price\">325 SEK<\/p>\n                              <\/div>\n                                                         <\/label>\n                           <input type=\"hidden\" class=\"product-id\" value=\"1496\">\n                           <input type=\"hidden\" class=\"variation-id\" value=\"1500\">\n                           <input type=\"hidden\" class=\"variation-attributes\" value=\"{&quot;attribute_pa_medlemskaps-typ&quot;:&quot;adult-resident-of-sodra-goinge-en&quot;}\">\n                           <input type=\"hidden\" class=\"variation-price\" value=\"&lt;span class=&quot;woocommerce-Price-amount amount&quot;&gt;&lt;bdi&gt;325,00&amp;nbsp;&lt;span class=&quot;woocommerce-Price-currencySymbol&quot;&gt;&amp;#107;&amp;#114;&lt;\/span&gt;&lt;\/bdi&gt;&lt;\/span&gt;\">\n                                                   <\/div>\n                  \n                        <div class=\"product-variation-data \"  data-attribute_pa_medlemskaps-typ=\"adult-resident-of-sodra-goinge-1-en\" >\n                           <input  type=\"radio\" id=\"1501\" name=\"drone\" value=\"variation\" style=\"\" \/>\n                                                      <label for=\"1501\">\n                              <div class=\"name-price-wrapper\">\n                                 <p class=\"product-type-name\">Adult +1 (Resident of \u00d6stra G\u00f6inge)<\/p>\n                                 <hr>\n                                 <p class=\"product-type-price\">495 SEK<\/p>\n                              <\/div>\n                                                         <\/label>\n                           <input type=\"hidden\" class=\"product-id\" value=\"1496\">\n                           <input type=\"hidden\" class=\"variation-id\" value=\"1501\">\n                           <input type=\"hidden\" class=\"variation-attributes\" value=\"{&quot;attribute_pa_medlemskaps-typ&quot;:&quot;adult-resident-of-sodra-goinge-1-en&quot;}\">\n                           <input type=\"hidden\" class=\"variation-price\" value=\"&lt;span class=&quot;woocommerce-Price-amount amount&quot;&gt;&lt;bdi&gt;495,00&amp;nbsp;&lt;span class=&quot;woocommerce-Price-currencySymbol&quot;&gt;&amp;#107;&amp;#114;&lt;\/span&gt;&lt;\/bdi&gt;&lt;\/span&gt;\">\n                                                   <\/div>\n                  \n                        <div class=\"product-variation-data \"  data-attribute_pa_medlemskaps-typ=\"u27-en\" >\n                           <input  type=\"radio\" id=\"1502\" name=\"drone\" value=\"variation\" style=\"\" \/>\n                                                      <label for=\"1502\">\n                              <div class=\"name-price-wrapper\">\n                                 <p class=\"product-type-name\">U27<\/p>\n                                 <hr>\n                                 <p class=\"product-type-price\">200 SEK<\/p>\n                              <\/div>\n                                                         <\/label>\n                           <input type=\"hidden\" class=\"product-id\" value=\"1496\">\n                           <input type=\"hidden\" class=\"variation-id\" value=\"1502\">\n                           <input type=\"hidden\" class=\"variation-attributes\" value=\"{&quot;attribute_pa_medlemskaps-typ&quot;:&quot;u27-en&quot;}\">\n                           <input type=\"hidden\" class=\"variation-price\" value=\"&lt;span class=&quot;woocommerce-Price-amount amount&quot;&gt;&lt;bdi&gt;200,00&amp;nbsp;&lt;span class=&quot;woocommerce-Price-currencySymbol&quot;&gt;&amp;#107;&amp;#114;&lt;\/span&gt;&lt;\/bdi&gt;&lt;\/span&gt;\">\n                                                   <\/div>\n                                                <hr>\n               <div class=\"membership-porto\">\n                  <input class=\"porto-checkbox\" type=\"checkbox\" id=\"3826\" name=\"porto\" \/>\n                  <label for=\"3826\">\n                     <div class=\"name-price-wrapper\">\n                        <p class=\"product-type-name\">I would like my membership card shipped to me (25 SEK)<\/p>\n\n                     <\/div>\n                  <\/label>\n               <\/div>\n               <\/fieldset>\n   <\/div>\n   <div class=\"quantity-add-to-cart-wrapper\">\n      <div class=\"quantity\">\n         <div class=\"quantity-button quantity-down\">&#8211;<\/div>\n         <input type=\"number\" min=\"1\" step=\"1\" value=\"1\">\n         <div class=\"quantity-button quantity-up\">+<\/div>\n      <\/div>\n      <a class=\"add-to-cart\" id=\"1496\">\n         <p>Add to cart<\/p>\n         <div><span class=\"loader\"><\/span><\/div>\n      <\/a>\n   <\/div>\n<\/div>\n\n\n<hr class=\"wp-block-separator has-text-color has-black-color has-alpha-channel-opacity has-black-background-color has-background is-style-wide\" style=\"margin-top:var(--wp--preset--spacing--20);margin-bottom:var(--wp--preset--spacing--10)\"\/>\n\n\n\n<h2 class=\"wp-block-heading has-text-align-right is-style-default has-l-font-size\"><a href=\"https:\/\/wanaskonst.se\/en\/cart\/\" data-type=\"link\" data-id=\"https:\/\/wanaskonst.se\/en\/cart\/\">Proceed to checkout<\/a><\/h2>\n\n\n\n<hr class=\"wp-block-separator has-text-color has-black-color has-alpha-channel-opacity has-black-background-color has-background is-style-wide\" style=\"margin-top:var(--wp--preset--spacing--10);margin-bottom:0\"\/>\n<\/div>\n\n\n\n<div class=\"wp-block-group is-layout-flow wp-block-group-is-layout-flow\">\n<div class=\"wp-block-group is-vertical is-layout-flex wp-container-core-group-is-layout-ce344088 wp-block-group-is-layout-flex\" style=\"margin-top:0;margin-bottom:0;padding-bottom:var(--wp--preset--spacing--20)\">\n<h4 class=\"wp-block-heading\" style=\"margin-bottom:var(--wp--preset--spacing--10);font-style:normal;font-weight:700\">GIFT<\/h4>\n\n\n\n<p class=\"has-m-font-size\" style=\"font-style:normal;font-weight:400\">If the membership is a gift, please contact klubb@wanaskonst.se before you purchase.<\/p>\n<\/div>\n<\/div>\n\n\n\n<div class=\"wp-block-group is-layout-flow wp-block-group-is-layout-flow\">\n<h2 class=\"wp-block-heading\">AS A MEMBER YOU GET<\/h2>\n\n\n\n<ul class=\"wp-block-list\">\n<li class=\"has-m-font-size\" style=\"margin-bottom:var(--wp--preset--spacing--10);font-style:normal;font-weight:400\">Free access to Wan\u00e5s Konst year-round<\/li>\n\n\n\n<li class=\"has-m-font-size\" style=\"margin-bottom:var(--wp--preset--spacing--10);font-style:normal;font-weight:400\">Invitations to openings, previews, and other exciting activities<\/li>\n\n\n\n<li class=\"has-m-font-size\" style=\"margin-bottom:var(--wp--preset--spacing--10);font-style:normal;font-weight:400\">Free participation in public guided tours<\/li>\n\n\n\n<li class=\"has-m-font-size\" style=\"margin-bottom:var(--wp--preset--spacing--10);font-style:normal;font-weight:400\">10% discount at Wan\u00e5s Konst Shop &amp; Caf\u00e9<\/li>\n\n\n\n<li class=\"has-m-font-size\" style=\"margin-bottom:var(--wp--preset--spacing--10);font-style:normal;font-weight:400\">10% discount at Wan\u00e5s Restaurant &amp; Hotel<\/li>\n<\/ul>\n\n\n\n<div class=\"wp-block-group accordion-container is-vertical is-layout-flex wp-container-core-group-is-layout-fe9cc265 wp-block-group-is-layout-flex\">\n<div class=\"wp-block-group accordion-button is-nowrap is-layout-flex wp-container-core-group-is-layout-024cae0d wp-block-group-is-layout-flex\" style=\"margin-bottom:var(--wp--preset--spacing--10)\">\n<div class=\"toggle-open-icon\"><span><\/span>\n<span><\/span>\n<\/div>\n\n\n\n<h5 class=\"wp-block-heading has-m-font-size\" style=\"font-style:normal;font-weight:400\">Free entry to the following museums and sculpture parks:<\/h5>\n<\/div>\n\n\n\n<div class=\"wp-block-group accordion-content is-vertical is-layout-flex wp-container-core-group-is-layout-fe9cc265 wp-block-group-is-layout-flex\">\n<p class=\"has-m-font-size\" style=\"font-style:normal;font-weight:400\">Louisiana (DK) <br>Cisternerne (DK)* <br>Kistefos (NO)<br>Moderna Museet Malm\u00f6 (SE) <br>Vandalorum (SE) <br>VIDA Museum (SE) <br>Skissernas Museum (SE) <br>Kalmar konstmuseum (SE) <br>Arte Sella (IT)<br>Mus\u00e9e Gassendi (FR)<br>Oronsko (PL)<br>Springhornhof (DE)<br>Yorkshire Sculpture Park (UK) <br>Nirox Foundation (SA)<br>Storm King (US) <br>The Contemporary Austin (US) <br><br>*Go 2 pay for 1<\/p>\n<\/div>\n<\/div>\n<\/div>\n\n<\/div><\/div>\n<\/div>\n\n   <\/div>\n\n<div id=\"\" data-block-id=\"e030f5cb-1bbd-4be0-a36a-f8929bc904dc\" data-section-title=\"\" class=\"haj-section haj-relative block-editor-block-list__block wp-block block-editor-block-list__block wp-block wp-block-haj-main-section haj-height-auto offset-menu haj-width-1474 offset-menu haj-flex-wrap haj-flex-middle haj-height-expand haj-height-expand@m haj-height-expand@s    \">\n   \n   \n\n<div class=\"wp-block-columns is-layout-flex wp-container-core-columns-is-layout-f0342b05 wp-block-columns-is-layout-flex\" style=\"margin-top:0;margin-bottom:0\">\n<div class=\"wp-block-column is-layout-flow wp-block-column-is-layout-flow\"><div data-block-id=\"ff740123-0517-4ee3-a2ad-00cb95fc83a8\" class=\"haj-content-grid block-editor-block-list__block wp-block wp-block-haj-content-grid columns-l-2 column-gap-40\">\n   \n\n<div class=\"wp-block-group is-layout-flow wp-block-group-is-layout-flow\"><\/div>\n\n\n\n<div class=\"wp-block-group is-vertical is-layout-flex wp-container-core-group-is-layout-ce344088 wp-block-group-is-layout-flex\" style=\"margin-top:0;margin-bottom:0;padding-bottom:var(--wp--preset--spacing--20)\">\n<h4 class=\"wp-block-heading\" style=\"margin-bottom:var(--wp--preset--spacing--10);font-style:normal;font-weight:700\">MEMBERSHIP +1<\/h4>\n\n\n\n<p class=\"has-m-font-size\" style=\"font-style:normal;font-weight:400\">Free entrance to Wan\u00e5s Konst for you and a friend. Other benefits and discounts are for the card holder only.<br><br><\/p>\n\n\n\n<h4 class=\"wp-block-heading\" style=\"margin-bottom:var(--wp--preset--spacing--10);font-style:normal;font-weight:700\">ARE YOU A MEMBER OF HSB-SK\u00c5NE?<\/h4>\n\n\n\n<p class=\"has-m-font-size\" style=\"font-style:normal;font-weight:400\">As a member of HSB-Sk\u00e5ne, you get 40% off your membership for the first year. Log in to your account to take advantage of the offer and follow the instructions.  <\/p>\n\n\n\n<h4 class=\"wp-block-heading\" style=\"margin-top:var(--wp--preset--spacing--20);margin-bottom:var(--wp--preset--spacing--10);font-style:normal;font-weight:700\">MORE INFORMATION<\/h4>\n\n\n\n<p class=\"has-m-font-size\" style=\"font-style:normal;font-weight:400\">For more information about your membership, contact us at klubb@wanaskonst.se.<\/p>\n\n\n\n<p><\/p>\n<\/div>\n\n<\/div><\/div>\n<\/div>\n\n   <\/div>\n\n\n<p><\/p>\n","protected":false},"excerpt":{"rendered":"","protected":false},"author":1,"featured_media":0,"parent":0,"menu_order":0,"comment_status":"closed","ping_status":"closed","template":"","meta":{"_acf_changed":false,"footnotes":""},"class_list":["post-1422","page","type-page","status-publish","hentry"],"acf":[],"_links":{"self":[{"href":"https:\/\/wanaskonst.se\/en\/wp-json\/wp\/v2\/pages\/1422","targetHints":{"allow":["GET"]}}],"collection":[{"href":"https:\/\/wanaskonst.se\/en\/wp-json\/wp\/v2\/pages"}],"about":[{"href":"https:\/\/wanaskonst.se\/en\/wp-json\/wp\/v2\/types\/page"}],"author":[{"embeddable":true,"href":"https:\/\/wanaskonst.se\/en\/wp-json\/wp\/v2\/users\/1"}],"replies":[{"embeddable":true,"href":"https:\/\/wanaskonst.se\/en\/wp-json\/wp\/v2\/comments?post=1422"}],"version-history":[{"count":15,"href":"https:\/\/wanaskonst.se\/en\/wp-json\/wp\/v2\/pages\/1422\/revisions"}],"predecessor-version":[{"id":7214,"href":"https:\/\/wanaskonst.se\/en\/wp-json\/wp\/v2\/pages\/1422\/revisions\/7214"}],"wp:attachment":[{"href":"https:\/\/wanaskonst.se\/en\/wp-json\/wp\/v2\/media?parent=1422"}],"curies":[{"name":"wp","href":"https:\/\/api.w.org\/{rel}","templated":true}]}}